{"id":169,"date":"2013-05-10T18:43:27","date_gmt":"2013-05-10T18:43:27","guid":{"rendered":"http:\/\/municipiodenuevahelvecia.com\/?page_id=169"},"modified":"2021-04-21T07:07:41","modified_gmt":"2021-04-21T07:07:41","slug":"tributos","status":"publish","type":"page","link":"https:\/\/municipiodenuevahelvecia.com\/?page_id=169","title":{"rendered":"Tributos"},"content":{"rendered":"<div>\u00a0<\/div>\n<h1>Contribuci\u00f3n Inmobiliaria Urbana y Suburbana<\/h1>\n<h2>\u00bfQu\u00e9 es?<\/h2>\n<p>Un Impuesto que se cobra en relaci\u00f3n a valores reales imponibles de las propiedades Urbanas y Sub-Urbanas del Departamento de Colonia, incrementadas por el IPC a Enero de cada a\u00f1o.<\/p>\n<p>\u00a0<\/p>\n<h2>\u00bfDe qui\u00e9n depende?<\/h2>\n<p>Intendencia de Colonia &#8211; Departamento de Hacienda y Administraci\u00f3n.<\/p>\n<p>\u00a0<\/p>\n<h2>\u00bfD\u00f3nde y cu\u00e1ndo se realiza el tr\u00e1mite?<\/h2>\n<p>En Oficinas Administrativas del Departamento o Redes de Cobranza.<\/p>\n<p><img decoding=\"async\" loading=\"lazy\" class=\"alignnone  wp-image-2263\" src=\"http:\/\/municipiodenuevahelvecia.com\/wp-content\/uploads\/2021\/04\/bannerPortada_551654634248-400x81.jpg\" alt=\"\" width=\"735\" height=\"149\" srcset=\"https:\/\/municipiodenuevahelvecia.com\/wp-content\/uploads\/2021\/04\/bannerPortada_551654634248-400x81.jpg 400w, https:\/\/municipiodenuevahelvecia.com\/wp-content\/uploads\/2021\/04\/bannerPortada_551654634248-1024x208.jpg 1024w, https:\/\/municipiodenuevahelvecia.com\/wp-content\/uploads\/2021\/04\/bannerPortada_551654634248-768x156.jpg 768w, https:\/\/municipiodenuevahelvecia.com\/wp-content\/uploads\/2021\/04\/bannerPortada_551654634248.jpg 1233w\" sizes=\"(max-width: 735px) 100vw, 735px\" \/><\/p>\n<h2>\u00bfQu\u00e9 se necesita para realizarlo?<\/h2>\n<p>Se necesita saber el n\u00famero padr\u00f3n y a que localidad pertenece.<\/p>\n<p>\u00a0<\/p>\n<h2>\u00bfC\u00f3mo se hace?<\/h2>\n<p>Emitir el recibo via web y abonar en Redes de Cobranza o dirigirse directamente a Oficinas administrativas de todo el departamento o Redes de Cobranza.<\/p>\n<p>\u00a0<\/p>\n<h2>Tener en cuenta<\/h2>\n<p>Para poder realizar el pago del a\u00f1o actual deber\u00e1 estar al d\u00eda en la Contribuci\u00f3n y Convenios en el caso de tenerlos.<\/p>\n<p>Por Convenios, Certificado \u00danico Departamental y\/o Exoneraci\u00f3n dirigirse directamente a las Oficinas Administrativas de todo el departamento y en la Oficina de Colonia en Montevideo.<\/p>\n<h1>Contribuci\u00f3n Inmobiliaria Rural<\/h1>\n<h2>\u00bfQu\u00e9 es?<\/h2>\n<p>Impuesto de Contribuci\u00f3n Inmobiliaria que graba los Inmuebles Rurales y ser\u00e1 de aplicaci\u00f3n lo establecido en el Art. 573 de la Ley N.\u00ba 14.189 del 26 de Abril de 1974, sus modificativas y concordantes.<\/p>\n<p>\u00a0<\/p>\n<h2>\u00bfDe qui\u00e9n depende?<\/h2>\n<p>Impuesto de Car\u00e1cter Nacional.<\/p>\n<p>\u00a0<\/p>\n<h2>\u00bfD\u00f3nde y cu\u00e1ndo se realiza el tr\u00e1mite?<\/h2>\n<p>En Oficinas Administrativas del Departamento o Redes de Cobranza.<\/p>\n<p><b>Vencimientos:<\/b><\/p>\n<p>Calendario no definido para el Ejercicio 2020<\/p>\n<p>Declaraci\u00f3n Jurada aplicaci\u00f3n Ley 19.615: 30 de abril de 2019.<\/p>\n<p>\u00a0<\/p>\n<h2>\u00bfQu\u00e9 se necesita para realizarlo?<\/h2>\n<p>Se necesita saber el n\u00famero padr\u00f3n.<\/p>\n<p>\u00a0<\/p>\n<h2>\u00bfC\u00f3mo se hace?<\/h2>\n<p>Emitir el recibo v\u00eda web y abonar en Redes de Cobranza o dirigirse directamente a Oficinas Administrativas de todo el departamento o Redes de Cobranza.<\/p>\n<p>\u00a0<\/p>\n<h2>Tener en cuenta<\/h2>\n<p>Para poder realizar el pago del a\u00f1o actual deber\u00e1 estar al d\u00eda en la Contribuci\u00f3n y Convenios en el caso de tenerlos.<\/p>\n<p>Por Convenios, Certificado \u00danico Departamental y\/o Exoneraci\u00f3n dirigirse directamente a las Oficinas Administrativas de todo el departamento y en la Oficina de Colonia en Montevideo.<\/p>\n<p>EXONERACIONES:<br \/>De padrones hasta 50 H\u00e1s \u00edndice CONEAT, formulario disponible en pagina web de la Intendencia de Colonia o en Oficinas Administrativas (para presentarlo completo en Oficinas Administrativas junto con documentaci\u00f3n).<\/p>\n<div class=\"field field-name-field-not-cuerpo field-type-text-long field-label-hidden\">\n<div class=\"field-items\">\n<div class=\"field-item even\">\n<h1>Pago de Patente de Rodados (SUCIVE)<\/h1>\n<h2>\u00bfQu\u00e9 es?<\/h2>\n<p>Un Impuesto a los veh\u00edculos de transporte empadronados en el Departamento, por Ley N.\u00ba 18.860 se cre\u00f3 el Sistema \u00danico de Cobros de Ingresos Vehiculares (SUCIVE), quien tiene como finalidad las acciones y gestiones necesarias para el cobro del impuesto (Art. 297 de la Constituci\u00f3n de la Rep\u00fablica numeral VI).<\/p>\n<p>\u00a0<\/p>\n<h2>\u00bfDe qui\u00e9n depende?<\/h2>\n<p>Impuesto de Car\u00e1cter Departamental.<\/p>\n<p>\u00a0<\/p>\n<h2>\u00bfD\u00f3nde y cu\u00e1ndo se realiza el tr\u00e1mite?<\/h2>\n<p>En Redes de Cobranza o v\u00eda web (SUCIVE).<\/p>\n<p>Calendario de vencimientos:<\/p>\n<p>Primer cuota y Total &#8211; 20 enero.<br \/>Segunda cuota &#8211; 20 de marzo.<br \/>Tercera cuota &#8211; 20 de mayo.<br \/>Cuarta cuota &#8211; 20 de julio.<br \/>Quinta cuota &#8211; 21 de setiembre.<br \/>Sexta cuota &#8211; 20 de noviembre.<\/p>\n<p>Por pago contado dentro del plazo de la primer cuota 20% de descuento. Por pago en fecha de las cuotas 10%.<\/p>\n<p>\u00a0<\/p>\n<h2>\u00bfQu\u00e9 se necesita para realizarlo?<\/h2>\n<p>Se necesita saber el n\u00famero padr\u00f3n y matricula.<\/p>\n<p>\u00a0<\/p>\n<h2>\u00bfC\u00f3mo se hace?<\/h2>\n<p>Abonar en Redes de Cobranza o v\u00eda web.<\/p>\n<p>\u00a0<\/p>\n<h2>Tener en cuenta<\/h2>\n<p>Si debe patente de a\u00f1os anteriores, deber\u00e1 pagar esta deuda antes de poder pagar el a\u00f1o actual<\/p>\n<\/div>\n<\/div>\n<\/div>\n<p>\u00a0<\/p>\n<h1>Expedici\u00f3n de licencias de Conducir<\/h1>\n<p>\u00a0<\/p>\n<p><a href=\"http:\/\/www.colonia.gub.uy\/conductores\/index.php?wit=46l4x1ebb3xod4y9gsbhghfpo3smv2r4&amp;response=3crcx9j8jd9ql74g3qnit67po676jkr7&amp;hashedtoken=899014a64f185bec35832fe9bf47b142&amp;semanttoken=f012253814c311e2c6975382bcbdc51c&amp;accesstoken=nq0sbpaw6ljztfjo06focs5zupu6ryej\"><img decoding=\"async\" loading=\"lazy\" class=\"alignleft wp-image-1264 size-full\" src=\"http:\/\/municipiodenuevahelvecia.com\/wp-content\/uploads\/2013\/05\/agenda-conducir.jpg\" alt=\"\" width=\"249\" height=\"249\" srcset=\"https:\/\/municipiodenuevahelvecia.com\/wp-content\/uploads\/2013\/05\/agenda-conducir.jpg 249w, https:\/\/municipiodenuevahelvecia.com\/wp-content\/uploads\/2013\/05\/agenda-conducir-150x150.jpg 150w\" sizes=\"(max-width: 249px) 100vw, 249px\" \/><\/a><\/p>\n<p>\u00a0<\/p>\n<p>\u00a0<\/p>\n<p>\u00a0<\/p>\n<p id=\"contenido\">\u00a0<\/p>\n\n\n<p><\/p>\n","protected":false},"excerpt":{"rendered":"<p>\u00a0 Contribuci\u00f3n Inmobiliaria Urbana y Suburbana \u00bfQu\u00e9 es? Un Impuesto que se cobra en relaci\u00f3n a valores reales imponibles de las propiedades Urbanas y Sub-Urbanas del Departamento de Colonia, incrementadas por el IPC a Enero de cada a\u00f1o. \u00a0 \u00bfDe qui\u00e9n depende? Intendencia de Colonia &#8211; Departamento de Hacienda y Administraci\u00f3n. \u00a0 \u00bfD\u00f3nde y cu\u00e1ndo [&hellip;]<\/p>\n","protected":false},"author":8,"featured_media":0,"parent":0,"menu_order":0,"comment_status":"open","ping_status":"open","template":"","meta":[],"_links":{"self":[{"href":"https:\/\/municipiodenuevahelvecia.com\/index.php?rest_route=\/wp\/v2\/pages\/169"}],"collection":[{"href":"https:\/\/municipiodenuevahelvecia.com\/index.php?rest_route=\/wp\/v2\/pages"}],"about":[{"href":"https:\/\/municipiodenuevahelvecia.com\/index.php?rest_route=\/wp\/v2\/types\/page"}],"author":[{"embeddable":true,"href":"https:\/\/municipiodenuevahelvecia.com\/index.php?rest_route=\/wp\/v2\/users\/8"}],"replies":[{"embeddable":true,"href":"https:\/\/municipiodenuevahelvecia.com\/index.php?rest_route=%2Fwp%2Fv2%2Fcomments&post=169"}],"version-history":[{"count":41,"href":"https:\/\/municipiodenuevahelvecia.com\/index.php?rest_route=\/wp\/v2\/pages\/169\/revisions"}],"predecessor-version":[{"id":2264,"href":"https:\/\/municipiodenuevahelvecia.com\/index.php?rest_route=\/wp\/v2\/pages\/169\/revisions\/2264"}],"wp:attachment":[{"href":"https:\/\/municipiodenuevahelvecia.com\/index.php?rest_route=%2Fwp%2Fv2%2Fmedia&parent=169"}],"curies":[{"name":"wp","href":"https:\/\/api.w.org\/{rel}","templated":true}]}}