{"id":4319,"date":"2024-01-16T20:06:16","date_gmt":"2024-01-16T20:06:16","guid":{"rendered":"https:\/\/municipiodenuevahelvecia.com\/?page_id=4319"},"modified":"2024-02-09T00:32:33","modified_gmt":"2024-02-09T00:32:33","slug":"fundacion-perez-scremini","status":"publish","type":"page","link":"https:\/\/municipiodenuevahelvecia.com\/?page_id=4319","title":{"rendered":"Fundaci\u00f3n Perez Scremini"},"content":{"rendered":"\n<p>La Fundaci\u00f3n P\u00e9rez Scremini es la encargada de gestionar el servicio hemato-oncol\u00f3gico del Centro Hospitalario Pereira Rossell &#8211; ASSE. En la actualidad m\u00e1s de 2000 pacientes son atendidos cada a\u00f1o, de entre 0 y 18 a\u00f1os de edad de todo el pa\u00eds.<br>La tasa de curaci\u00f3n es del 80% y ofrecemos una atenci\u00f3n integral, gratuita y de<br>excelencia.<br>Dicha instituci\u00f3n facilita el centro nacional de referencia para el trasplante de m\u00e9dula \u00f3sea pedi\u00e1trica y a su vez, es parte de investigaciones internacionales que promueven el avance en el conocimiento de la oncolog\u00eda y hematolog\u00eda pedi\u00e1trica.<br>En la Fundaci\u00f3n atendemos el 70% de los casos diagnosticados en el pa\u00eds. Nuestros laboratorios procesan el 100% de las muestras de sangre y m\u00e9dula, ya que disponemos de la mejor tecnolog\u00eda para generar diagn\u00f3sticos m\u00e1s precisos.<br><br>Misi\u00f3n<br><br>Garantizar el acceso a un tratamiento hemato-oncol\u00f3gico personalizado a cada ni\u00f1o, ni\u00f1a o adolescente que lo necesite, a trav\u00e9s de un servicio de excelencia, integral y gratuito, ofreciendo las mejores t\u00e9cnicas y tratamientos disponibles, as\u00ed como soporte psico-social, para brindar las m\u00e1ximas posibilidades de curaci\u00f3n.<br><br>Visi\u00f3n<br><br>Ser un centro de referencia hemato- oncol\u00f3gico pedi\u00e1trico, l\u00edder en la regi\u00f3n, destacado  por sus tratamientos innovadores y diagn\u00f3sticos de \u00faltima generaci\u00f3n con una activa participaci\u00f3n en programas de investigaci\u00f3n.<br><br>Nuestro equipo<br><br>Contamos con un equipo multidisciplinario altamente especializado, con m\u00e1s de 160<br>profesionales de diversas especialidades:<br>\u25cf M\u00e9dicos especializados en hemato oncolog\u00eda pedi\u00e1trica.<br>\u25cf Licenciados en enfermer\u00eda.<br>\u25cf Auxiliares de enfermer\u00eda.<br>\u25cf Auxiliares de servicio.<br>\u25cf Odont\u00f3logas \u2013 laserterapeutas.<br>\u25cf Nutricionista.<br>\u25cf Fisioterapeuta<br>\u25cf Qu\u00edmico farmac\u00e9utico.<br>\u25cf T\u00e9cnicos y m\u00e9dicos laboratoristas.<br>\u25cf Equipo psicosocial (psic\u00f3logos, psicopedagogos, trabajadores sociales y maestras).<br>Recepcionistas y administrativas hospitalarias.<br>\u25cf Personal de mantenimiento.<br>\u25cf Profesionales administrativos<br>Bulevar General Artigas 1556 |\u00a0<a rel=\"noreferrer noopener\" href=\"mailto:info@perezscremini.org\" target=\"_blank\">info@perezscremini.org<\/a>\u00a0| 2705 2649 |\u00a0<a rel=\"noreferrer noopener\" href=\"http:\/\/perezscremini.org\/\" target=\"_blank\">perezscremini.org<\/a><br><br>\u00c1REA PSICO-SOCIAL<br><br>Uno de los pilares de la Fundaci\u00f3n es garantizar una atenci\u00f3n integral para los pacientes y sus familias por tanto ha sido foco de crecimiento tanto en calidad como cantidad la confirmaci\u00f3n de un Equipo Psicosocial acorde a las necesidades y demandas de la poblaci\u00f3n con la que trabajamos.<br>En el entendido que el entorno es determinante en los resultados de los tratamientos hemato- oncol\u00f3gicos, por eso, adem\u00e1s de buscar la excelencia en materia cl\u00ednica, se busca acompa\u00f1ar en cada uno de los momentos del tratamiento y posterior a \u00e9l.<br>Con el fin de garantizar una atenci\u00f3n integral y personalizada la intervenci\u00f3n tiene base en conocer al paciente, su familia y su contexto. Para luego dise\u00f1ar una estrategia de c\u00f3mo intervenir desde cada una de las necesidades y\/o demandas b\u00e1sicas que impactan sobre el bienestar del paciente y su calidad de vida.<br>Algunas de las estrategias que se desarrollan son en las \u00e1reas de alimentaci\u00f3n, mejoras habitacionales, pensiones, situaciones de violencia, acceso y sostenibilidad en el \u00e1mbito educativo, as\u00ed como el acompa\u00f1amiento psicol\u00f3gico tanto en situaciones de crisis como en procesos psicoterap\u00e9uticos.<br>Una de las caracter\u00edsticas fundamentales que hacen a la atenci\u00f3n que se brinda es el trabajo junto a voluntarios en todo el pa\u00eds que facilitan espacios de encuentro y juego en los sectores de Internaci\u00f3n y Hospital de d\u00eda, as\u00ed como el acompa\u00f1amiento en las localidades de residencia a trav\u00e9s de las Embajadas.<br>Para que sea posible este nivel de trabajo es fundamental contar con una red de coordinaciones y derivaciones a instituciones y organizaciones expertas en cada una de los rubros que faciliten las respuestas a las necesidades identificadas.<br><br>Embajada de Nueva Helvecia<br>Actualmente acompa\u00f1an a tres pacientes y sus familias. Reciben el siguiente apoyo:<br>\u25cf Canasta de alimentos mensuales<br>\u25cf Kits escolares<br>\u25cf Ropa<br>\u25cf Cobertura de traslados a Fundaci\u00f3n<br>\u25cf Apoyo y asesoramiento en diferentes gestiones (MIDES, BPS, IDC, etc)<br><br>El grupo de voluntarios y voluntarias organiza diferentes actividades de recaudaci\u00f3n y<br>difusi\u00f3n en la localidad, para as\u00ed garantizar los fondos necesarios para cubrir las<br>necesidades de sus pacientes, as\u00ed como para apoyar los proyectos de la Fundaci\u00f3n en<br>Montevideo y a los pacientes de todo el pa\u00eds.<\/p>\n","protected":false},"excerpt":{"rendered":"<p>La Fundaci\u00f3n P\u00e9rez Scremini es la encargada de gestionar el servicio hemato-oncol\u00f3gico del Centro Hospitalario Pereira Rossell &#8211; ASSE. En la actualidad m\u00e1s de 2000 pacientes son atendidos cada a\u00f1o, de entre 0 y 18 a\u00f1os de edad de todo el pa\u00eds.La tasa de curaci\u00f3n es del 80% y ofrecemos una atenci\u00f3n integral, gratuita y [&hellip;]<\/p>\n","protected":false},"author":10,"featured_media":0,"parent":0,"menu_order":0,"comment_status":"closed","ping_status":"closed","template":"","meta":[],"_links":{"self":[{"href":"https:\/\/municipiodenuevahelvecia.com\/index.php?rest_route=\/wp\/v2\/pages\/4319"}],"collection":[{"href":"https:\/\/municipiodenuevahelvecia.com\/index.php?rest_route=\/wp\/v2\/pages"}],"about":[{"href":"https:\/\/municipiodenuevahelvecia.com\/index.php?rest_route=\/wp\/v2\/types\/page"}],"author":[{"embeddable":true,"href":"https:\/\/municipiodenuevahelvecia.com\/index.php?rest_route=\/wp\/v2\/users\/10"}],"replies":[{"embeddable":true,"href":"https:\/\/municipiodenuevahelvecia.com\/index.php?rest_route=%2Fwp%2Fv2%2Fcomments&post=4319"}],"version-history":[{"count":2,"href":"https:\/\/municipiodenuevahelvecia.com\/index.php?rest_route=\/wp\/v2\/pages\/4319\/revisions"}],"predecessor-version":[{"id":4413,"href":"https:\/\/municipiodenuevahelvecia.com\/index.php?rest_route=\/wp\/v2\/pages\/4319\/revisions\/4413"}],"wp:attachment":[{"href":"https:\/\/municipiodenuevahelvecia.com\/index.php?rest_route=%2Fwp%2Fv2%2Fmedia&parent=4319"}],"curies":[{"name":"wp","href":"https:\/\/api.w.org\/{rel}","templated":true}]}}