{"id":4356,"date":"2024-02-08T22:26:53","date_gmt":"2024-02-08T22:26:53","guid":{"rendered":"https:\/\/municipiodenuevahelvecia.com\/?page_id=4356"},"modified":"2024-02-09T00:29:31","modified_gmt":"2024-02-09T00:29:31","slug":"epi","status":"publish","type":"page","link":"https:\/\/municipiodenuevahelvecia.com\/?page_id=4356","title":{"rendered":"EPI"},"content":{"rendered":"\n<p>El Instituto de Rehabilitaci\u00f3n Psicosocial de Colonia, E.P.I., (Espacio Para la<br>Integraci\u00f3n), es una instituci\u00f3n privada sin fines de lucro que funciona desde 2011 y<br>cuenta con personer\u00eda jur\u00eddica desde el&nbsp;2014.<br>El objetivo es la inclusi\u00f3n social de las personas que padecen trastornos mentales<br>mediante Talleres Terap\u00e9uticos logrando reducir la estigmatizaci\u00f3n y la exclusi\u00f3n social<br>y familiar.<\/p>\n\n\n<p>[masterslider id=\u00bb7&#8243;]<\/p>\n","protected":false},"excerpt":{"rendered":"<p>El Instituto de Rehabilitaci\u00f3n Psicosocial de Colonia, E.P.I., (Espacio Para laIntegraci\u00f3n), es una instituci\u00f3n privada sin fines de lucro que funciona desde 2011 ycuenta con personer\u00eda jur\u00eddica desde el&nbsp;2014.El objetivo es la inclusi\u00f3n social de las personas que padecen trastornos mentalesmediante Talleres Terap\u00e9uticos logrando reducir la estigmatizaci\u00f3n y la exclusi\u00f3n socialy familiar.<\/p>\n","protected":false},"author":10,"featured_media":0,"parent":0,"menu_order":0,"comment_status":"closed","ping_status":"closed","template":"","meta":[],"_links":{"self":[{"href":"https:\/\/municipiodenuevahelvecia.com\/index.php?rest_route=\/wp\/v2\/pages\/4356"}],"collection":[{"href":"https:\/\/municipiodenuevahelvecia.com\/index.php?rest_route=\/wp\/v2\/pages"}],"about":[{"href":"https:\/\/municipiodenuevahelvecia.com\/index.php?rest_route=\/wp\/v2\/types\/page"}],"author":[{"embeddable":true,"href":"https:\/\/municipiodenuevahelvecia.com\/index.php?rest_route=\/wp\/v2\/users\/10"}],"replies":[{"embeddable":true,"href":"https:\/\/municipiodenuevahelvecia.com\/index.php?rest_route=%2Fwp%2Fv2%2Fcomments&post=4356"}],"version-history":[{"count":2,"href":"https:\/\/municipiodenuevahelvecia.com\/index.php?rest_route=\/wp\/v2\/pages\/4356\/revisions"}],"predecessor-version":[{"id":4411,"href":"https:\/\/municipiodenuevahelvecia.com\/index.php?rest_route=\/wp\/v2\/pages\/4356\/revisions\/4411"}],"wp:attachment":[{"href":"https:\/\/municipiodenuevahelvecia.com\/index.php?rest_route=%2Fwp%2Fv2%2Fmedia&parent=4356"}],"curies":[{"name":"wp","href":"https:\/\/api.w.org\/{rel}","templated":true}]}}