{"id":4360,"date":"2024-02-08T22:29:46","date_gmt":"2024-02-08T22:29:46","guid":{"rendered":"https:\/\/municipiodenuevahelvecia.com\/?page_id=4360"},"modified":"2024-02-08T22:29:47","modified_gmt":"2024-02-08T22:29:47","slug":"alegres-alpinos","status":"publish","type":"page","link":"https:\/\/municipiodenuevahelvecia.com\/?page_id=4360","title":{"rendered":"Alegres Alpinos"},"content":{"rendered":"\n<p>El grupo folcl\u00f3rico de los Alpes \u201cLos Alegres Alpinos \u201c<br>de Colonia Suiza \u2013 Dpto de Colonia &#8211; URUGUAY<br>Bajo la direcci\u00f3n de H\u00e9ctor PRIETO SCIAINI<br>Nace en el Barrio Concordia en el a\u00f1o l973 en homenaje a los fundadores de COLONIA SUIZA; suizos, alemanes, austriacos y franceses alsacianos.<br>En este rico patrimonio cultural: de los trajes, la danza, la m\u00fasica y el canto, toman como s\u00edmbolo el CEIBO: la flor nacional de Uruguay y la EDELWEISS: la flor de los Alpes, con este gesto unen sus lazos de confraternidad de su pa\u00eds y las naciones fundadoras.<br>Se interpretan: el vals, la mazurca, schottis, polkas y marchas, destac\u00e1ndose especialmente el PLATTLER (zapateo con palmas que es interpretado por el var\u00f3n) (danzas t\u00edpicas del sur de Alemania y del Tirol &#8211; Austria). Acompa\u00f1an la parte musical acordeones a piano, bater\u00eda y campanas de bronce, tra\u00eddas de Europa.<br>En sus 50 a\u00f1os de actividad art\u00edstica ininterrumpida han unido miles de kil\u00f3metros en su patria: URUGUAY, como tambi\u00e9n en pa\u00edses hermanos como ARGENTINA, CHILE, PARAGUAY y BRASIL. Siendo portadores de mensajes a trav\u00e9s de autoridades Municipales, Nacionales e Internacionales y\/o en ocasiones de Gobernaciones del extranjero.<br>Por nombrar algunas de sus actuaciones: Fiesta de la Colectividades (Trinidad ) Dpto de Flores; Nuevo Berl\u00edn intercambio con Direcciones de Cultura de Intendencias de Colonia y R\u00edo Negro.<br>Han participado de festivales gastron\u00f3micos suizos, en el Sheraton de la ciudad de Colonia del Sacramento y en el Conrad de Punta del Este, invitados por la Embajada de Suiza en Uruguay para participar en distintos eventos; en Sociedades y Clubes Alemanes y austriacos del pa\u00eds y del extranjero. Por el Ministerio de Turismo, la Intendencia de Colonia y Municipio de Nueva Helvecia participaron en el Foro sudamericano de Turismo y Negocios en Niter\u00f3i &#8211; Rio de Janeiro \u2013 Brasil; En la 4ta Cumbre Mundial sobre el mercurio en el Hotel Conrad de Punta del Este; Por la Intendencia de Colonia y Direcci\u00f3n de Turismo en la \u201c Feria Internacional del Turismo \u201c en Buenos Aires; en la Rural de Palermo; en<br>el \u201c Dia del Patrimonio \u201c en Montevideo.<br>M\u00e1s de una vez en F\u00e1bricas Nacionales de Cerveza S.A., invitados por el Gobierno Aut\u00f3nomo de la ciudad de Buenos Aires, Secretar\u00eda de Cultura, Embajada de Austria y Grupo de danzas Die Lustigen Tiroler; En la Avda de Mayo con el lema \u201c Buenos Aires celebra Austria \u201c; En Congresos en Hoteles de Nueva Helvecia; En actos de hermanamiento de ciudades de Chile y Uruguay; Fiesta Nacional de la Colonizaci\u00f3n ( San Jos\u00e9 de Entre R\u00edos (Argentina). Tambi\u00e9n han participado en comerciales para el extranjero, filmaciones para Costa Rica y Colombia, Eventos Empresariales comerciales Nacionales y Extranjeras.<\/p>\n","protected":false},"excerpt":{"rendered":"<p>El grupo folcl\u00f3rico de los Alpes \u201cLos Alegres Alpinos \u201cde Colonia Suiza \u2013 Dpto de Colonia &#8211; URUGUAYBajo la direcci\u00f3n de H\u00e9ctor PRIETO SCIAININace en el Barrio Concordia en el a\u00f1o l973 en homenaje a los fundadores de COLONIA SUIZA; suizos, alemanes, austriacos y franceses alsacianos.En este rico patrimonio cultural: de los trajes, la danza, [&hellip;]<\/p>\n","protected":false},"author":10,"featured_media":0,"parent":0,"menu_order":0,"comment_status":"closed","ping_status":"closed","template":"","meta":[],"_links":{"self":[{"href":"https:\/\/municipiodenuevahelvecia.com\/index.php?rest_route=\/wp\/v2\/pages\/4360"}],"collection":[{"href":"https:\/\/municipiodenuevahelvecia.com\/index.php?rest_route=\/wp\/v2\/pages"}],"about":[{"href":"https:\/\/municipiodenuevahelvecia.com\/index.php?rest_route=\/wp\/v2\/types\/page"}],"author":[{"embeddable":true,"href":"https:\/\/municipiodenuevahelvecia.com\/index.php?rest_route=\/wp\/v2\/users\/10"}],"replies":[{"embeddable":true,"href":"https:\/\/municipiodenuevahelvecia.com\/index.php?rest_route=%2Fwp%2Fv2%2Fcomments&post=4360"}],"version-history":[{"count":1,"href":"https:\/\/municipiodenuevahelvecia.com\/index.php?rest_route=\/wp\/v2\/pages\/4360\/revisions"}],"predecessor-version":[{"id":4361,"href":"https:\/\/municipiodenuevahelvecia.com\/index.php?rest_route=\/wp\/v2\/pages\/4360\/revisions\/4361"}],"wp:attachment":[{"href":"https:\/\/municipiodenuevahelvecia.com\/index.php?rest_route=%2Fwp%2Fv2%2Fmedia&parent=4360"}],"curies":[{"name":"wp","href":"https:\/\/api.w.org\/{rel}","templated":true}]}}