{"id":594,"date":"2016-06-23T18:55:13","date_gmt":"2016-06-23T18:55:13","guid":{"rendered":"http:\/\/municipiodenuevahelvecia.com\/?page_id=594"},"modified":"2024-02-08T23:10:32","modified_gmt":"2024-02-08T23:10:32","slug":"club-artesano","status":"publish","type":"page","link":"https:\/\/municipiodenuevahelvecia.com\/?page_id=594","title":{"rendered":"Club Artesano"},"content":{"rendered":"<p>El Club Artesano naci\u00f3 en el a\u00f1o 1912, sobre la Ruta 52 en un galp\u00f3n donde trabajaban artesanos de<br \/>\nla madera, el hierro y el cuero.<br \/>\nDespu\u00e9s del trabajo el grupo de muchchos tocaban quejumbrosas notas de un acorde\u00f3n y entre<br \/>\nchiste y relatos; iluminado el local por una llorona vela de sebo colocada sobre un caj\u00f3n y de esas<br \/>\nexperiencias eman\u00f3 hace ciento doce a\u00f1os un nombre ARTESANO.<br \/>\nDesde sus comienzos transit\u00f3 un camino de trabajo y progreso llev\u00e1ndolo a tener una trayectoria que<br \/>\nlo ha llevado a un sitial de privilegio.<br \/>\nEn 1930 se traslada a la ubicaci\u00f3n actual, a un barrio pujante y desde sus inicios mantiene contacto<br \/>\nestrecho con las instituciones que lo rodean as\u00ed como las dem\u00e1s de la localidad.<br \/>\nInmediatamente llegado al barrio comienza su crecimiento. Construye su gran sede social y sus<br \/>\ninstalaciones deportivas, canchas de tenis, de f\u00fatbol, de basquetbol y el pol\u00edgono para el tiro.<br \/>\nIniciando as\u00ed un camino seguro de expansi\u00f3n tanto en lo edilicio como en todas las \u00e1reas deportivas y<br \/>\nsociales. Obtuvo campeonatos departamentales y nacionales en varias disciplinas, tenis, v\u00f3leibol,<br \/>\nf\u00fatbol, ciclismo, motociclismo, bochas y esgrima. Y estamos seguro seguiremos haciendo historia ya<br \/>\nque nuestro material humano es nuestra mayor fortaleza.<\/p>\n<p>ACTUALIDAD<\/p>\n<p>Club social y deportivo que cuenta con una sede social amplia. En planta baja: sal\u00f3n de fiestas,<br \/>\ncantina, cocina, ba\u00f1os de damas y caballeros, sala de sesiones y secretar\u00eda. En subsuelo un amplio<br \/>\nparrillero, ba\u00f1o y dos salas En planta alta existe una sala y ba\u00f1os. Plaza de juegos para ni\u00f1os,<br \/>\ncancha de baby con vestuarios y cantina, cancha cerrada de bochas, de f\u00fatbol 5 con cantina y<br \/>\nparrillero. Un dep\u00f3sito de materiales de mantenimiento y sector para lavander\u00eda. Dos canchas de<br \/>\ntenis de polvo de ladrillo recientemente recicladas con iluminaci\u00f3n led y riego. Gimnasio con varias<br \/>\ncanchas, front\u00f3n, ba\u00f1os y amplios vestuarios. Cancha de f\u00fatbol con riego autom\u00e1tico. Piscina, con<br \/>\ncantina, parrillero, vestuarios y ba\u00f1os con paneles solares, dep\u00f3sito para materiales y secretar\u00eda. Los<br \/>\ndeportes que se practican son: f\u00fatbol, todas las categor\u00edas, bochas, artes marciales, pat\u00edn, gimnasia<\/p>\n<p>personalizada y art\u00edstica, tenis, v\u00f3leibol, balonmano, hockey, rugby, escuelita f\u00fatbol, nataci\u00f3n,<br \/>\nb\u00e1squetbol, pelota-paleta.<\/p>\n<p>Misi\u00f3n. Impulsar y liderar la pr\u00e1ctica deportiva de nuestros socios, con la finalidad de promover la<br \/>\nconciencia y el inter\u00e9s por la participaci\u00f3n de las actividades f\u00edsicas deportivas y formativas en la<br \/>\ncomunidad para contribuir a mejorar la salud y el bienestar de las personas con un compromiso de<br \/>\ngesti\u00f3n orientado a la mejora continua del espacio socio cultural sobre todo pensando en las<br \/>\nnuevas generaciones.<br \/>\nVisi\u00f3n. Somos una organizaci\u00f3n innovadora e integradora reconocida en la localidad con un<br \/>\nequipo de trabajo altamente motivado, que presta un servicio orientado a las necesidades y<br \/>\nexpectativas de los socios , en sinergia con otras instituciones; con unas instalaciones completas y<br \/>\nmodernas, que contribuyen al desarrollo de h\u00e1bitos deportivos y sociales saludables.<\/p>\n<p>OBJETIVOS DE LA INSTITUCI\u00d3N<\/p>\n<p>1- Promover en las generaciones j\u00f3venes el concepto de que siempre el inter\u00e9s general debe primar<br \/>\npor encima de cualquier consideraci\u00f3n de orden personal y que cada ciudadano debe trabajar<br \/>\npara el progreso cultural y social de la zona en que vive.<br \/>\n2- Propiciar espacios de aprendizaje para todas las personas que se acercan al Club en las diversos<br \/>\nespacios con los que se cuenta<br \/>\n3- Fomentar instancias de acercamiento de todas las instituciones que lo deseen para intercambiar<br \/>\nexperiencias.<\/p>\n<p>V\u00cdNCULOS CON LA COMUNIDAD<\/p>\n<p>Pr\u00e9stamo de las Instalaciones a: Instituciones educativas. Gimnasio a Escuela N\u00ba10, Liceo de<br \/>\nNueva de Helvecia y UTU.<br \/>\nSede Social y parrillero: Instituciones de<br \/>\nservicio.<br \/>\nPiscina: Escuela N\u00ba10, CADIS, EPI,<br \/>\nEscuelas participantes de verano educativo<\/p>\n<p>[masterslider id=\u00bb5&#8243;]<\/p>\n","protected":false},"excerpt":{"rendered":"<p>El Club Artesano naci\u00f3 en el a\u00f1o 1912, sobre la Ruta 52 en un galp\u00f3n donde trabajaban artesanos de la madera, el hierro y el cuero. Despu\u00e9s del trabajo el grupo de muchchos tocaban quejumbrosas notas de un acorde\u00f3n y entre chiste y relatos; iluminado el local por una llorona vela de sebo colocada sobre [&hellip;]<\/p>\n","protected":false},"author":8,"featured_media":0,"parent":592,"menu_order":1,"comment_status":"open","ping_status":"open","template":"","meta":[],"_links":{"self":[{"href":"https:\/\/municipiodenuevahelvecia.com\/index.php?rest_route=\/wp\/v2\/pages\/594"}],"collection":[{"href":"https:\/\/municipiodenuevahelvecia.com\/index.php?rest_route=\/wp\/v2\/pages"}],"about":[{"href":"https:\/\/municipiodenuevahelvecia.com\/index.php?rest_route=\/wp\/v2\/types\/page"}],"author":[{"embeddable":true,"href":"https:\/\/municipiodenuevahelvecia.com\/index.php?rest_route=\/wp\/v2\/users\/8"}],"replies":[{"embeddable":true,"href":"https:\/\/municipiodenuevahelvecia.com\/index.php?rest_route=%2Fwp%2Fv2%2Fcomments&post=594"}],"version-history":[{"count":11,"href":"https:\/\/municipiodenuevahelvecia.com\/index.php?rest_route=\/wp\/v2\/pages\/594\/revisions"}],"predecessor-version":[{"id":4374,"href":"https:\/\/municipiodenuevahelvecia.com\/index.php?rest_route=\/wp\/v2\/pages\/594\/revisions\/4374"}],"up":[{"embeddable":true,"href":"https:\/\/municipiodenuevahelvecia.com\/index.php?rest_route=\/wp\/v2\/pages\/592"}],"wp:attachment":[{"href":"https:\/\/municipiodenuevahelvecia.com\/index.php?rest_route=%2Fwp%2Fv2%2Fmedia&parent=594"}],"curies":[{"name":"wp","href":"https:\/\/api.w.org\/{rel}","templated":true}]}}