{"id":602,"date":"2016-06-23T18:59:17","date_gmt":"2016-06-23T18:59:17","guid":{"rendered":"http:\/\/municipiodenuevahelvecia.com\/?page_id=602"},"modified":"2024-01-08T18:08:46","modified_gmt":"2024-01-08T18:08:46","slug":"cata-de-vinos","status":"publish","type":"page","link":"https:\/\/municipiodenuevahelvecia.com\/?page_id=602","title":{"rendered":"Cata de Vinos"},"content":{"rendered":"<p><span style=\"font-size: revert; color: initial;\">A\u00f1o a a\u00f1o se lleva a cabo en nuestra localidad la ya tradicional \u201cCata Solidaria de vinos del Club<br \/>\nde Leones Colonia Suiza\u201d El evento, que cuenta con el apoyo entusiasta de la comunidad neo-<br \/>\nhelv\u00e9tica, en el 2023 celebr\u00f3 su 17\u00aa edici\u00f3n. Se celebra cada a\u00f1o en el Hotel Nirvana y tiene<br \/>\ncomo finalidad, celebrar la gastronom\u00eda y el encuentro, adem\u00e1s de recolectar fondos para las<br \/>\ntantas causas sociales que el Club de Leones Colonia Suiza apoya cada a\u00f1o.de un acontecimiento que ha venido creciendo a\u00f1o a a\u00f1o en prestigio y expectativas, hasta convertirse en un cl\u00e1sico de la producci\u00f3n vitivin\u00edcola nacional y una hermosa oportunidad de lucimiento de los productos de queseros de la regi\u00f3n y del pa\u00eds, panificadoras, chaciner\u00edas y otras empresas industriales y artesanales que encuentran en esta Cata, una maravillosa vidriera para sus productos.<\/span><\/p>\n<p>As\u00ed tambi\u00e9n como una importante actividad social, siendo un punto de reencuentro de amigos que comparten una noche especial, en un lugar diferente; disfrutando y degustando la excelente calidad de los productos presentados, fruto del trabajo aplicado y responsable que denota superaci\u00f3n constante y es parte del legado recibido de nuestros inmigrantes, atesorado, cultivado y transmitido de generaci\u00f3n en generaci\u00f3n, brind\u00e1ndose as\u00ed un merecido homenaje a trav\u00e9s del trabajo a nuestros mayores, destac\u00e1ndonos como una zona pujante de desarrollo y superaci\u00f3n.<\/p>\n<p>El producido de esta actividad se destina a fines ben\u00e9ficos, de acuerdo con la finalidad de nuestra Instituci\u00f3n de servicio, que se dedica a la acci\u00f3n social enfocada a las personas de menores recursos.<\/p>\n<div id='gallery-1' class='gallery galleryid-602 gallery-columns-3 gallery-size-thumbnail'><figure class='gallery-item'>\n\t\t\t<div class='gallery-icon landscape'>\n\t\t\t\t<a href='https:\/\/municipiodenuevahelvecia.com\/?attachment_id=609'><img width=\"150\" height=\"150\" src=\"https:\/\/municipiodenuevahelvecia.com\/wp-content\/uploads\/2016\/06\/2-150x150.jpg\" class=\"attachment-thumbnail size-thumbnail\" alt=\"\" decoding=\"async\" loading=\"lazy\" \/><\/a>\n\t\t\t<\/div><\/figure><figure class='gallery-item'>\n\t\t\t<div class='gallery-icon landscape'>\n\t\t\t\t<a href='https:\/\/municipiodenuevahelvecia.com\/?attachment_id=610'><img width=\"150\" height=\"150\" src=\"https:\/\/municipiodenuevahelvecia.com\/wp-content\/uploads\/2016\/06\/cata-de-vino4-1-150x150.jpg\" class=\"attachment-thumbnail size-thumbnail\" alt=\"\" decoding=\"async\" loading=\"lazy\" \/><\/a>\n\t\t\t<\/div><\/figure><figure class='gallery-item'>\n\t\t\t<div class='gallery-icon landscape'>\n\t\t\t\t<a href='https:\/\/municipiodenuevahelvecia.com\/?attachment_id=611'><img width=\"150\" height=\"150\" src=\"https:\/\/municipiodenuevahelvecia.com\/wp-content\/uploads\/2016\/06\/cata-de-vino5-150x150.jpg\" class=\"attachment-thumbnail size-thumbnail\" alt=\"\" decoding=\"async\" loading=\"lazy\" \/><\/a>\n\t\t\t<\/div><\/figure><figure class='gallery-item'>\n\t\t\t<div class='gallery-icon landscape'>\n\t\t\t\t<a href='https:\/\/municipiodenuevahelvecia.com\/?attachment_id=678'><img width=\"150\" height=\"150\" src=\"https:\/\/municipiodenuevahelvecia.com\/wp-content\/uploads\/2016\/06\/cata-de-vino-12-150x150.jpg\" class=\"attachment-thumbnail size-thumbnail\" alt=\"\" decoding=\"async\" loading=\"lazy\" \/><\/a>\n\t\t\t<\/div><\/figure><figure class='gallery-item'>\n\t\t\t<div class='gallery-icon landscape'>\n\t\t\t\t<a href='https:\/\/municipiodenuevahelvecia.com\/?attachment_id=680'><img width=\"150\" height=\"150\" src=\"https:\/\/municipiodenuevahelvecia.com\/wp-content\/uploads\/2016\/06\/cata-de-vino-3-150x150.jpg\" class=\"attachment-thumbnail size-thumbnail\" alt=\"\" decoding=\"async\" loading=\"lazy\" \/><\/a>\n\t\t\t<\/div><\/figure><figure class='gallery-item'>\n\t\t\t<div class='gallery-icon landscape'>\n\t\t\t\t<a href='https:\/\/municipiodenuevahelvecia.com\/?attachment_id=681'><img width=\"150\" height=\"150\" src=\"https:\/\/municipiodenuevahelvecia.com\/wp-content\/uploads\/2016\/06\/cata-de-vino-22-150x150.jpg\" class=\"attachment-thumbnail size-thumbnail\" alt=\"\" decoding=\"async\" loading=\"lazy\" \/><\/a>\n\t\t\t<\/div><\/figure>\n\t\t<\/div>\n\n","protected":false},"excerpt":{"rendered":"<p>A\u00f1o a a\u00f1o se lleva a cabo en nuestra localidad la ya tradicional \u201cCata Solidaria de vinos del Club de Leones Colonia Suiza\u201d El evento, que cuenta con el apoyo entusiasta de la comunidad neo- helv\u00e9tica, en el 2023 celebr\u00f3 su 17\u00aa edici\u00f3n. Se celebra cada a\u00f1o en el Hotel Nirvana y tiene como finalidad, [&hellip;]<\/p>\n","protected":false},"author":8,"featured_media":0,"parent":456,"menu_order":2,"comment_status":"open","ping_status":"open","template":"","meta":[],"_links":{"self":[{"href":"https:\/\/municipiodenuevahelvecia.com\/index.php?rest_route=\/wp\/v2\/pages\/602"}],"collection":[{"href":"https:\/\/municipiodenuevahelvecia.com\/index.php?rest_route=\/wp\/v2\/pages"}],"about":[{"href":"https:\/\/municipiodenuevahelvecia.com\/index.php?rest_route=\/wp\/v2\/types\/page"}],"author":[{"embeddable":true,"href":"https:\/\/municipiodenuevahelvecia.com\/index.php?rest_route=\/wp\/v2\/users\/8"}],"replies":[{"embeddable":true,"href":"https:\/\/municipiodenuevahelvecia.com\/index.php?rest_route=%2Fwp%2Fv2%2Fcomments&post=602"}],"version-history":[{"count":9,"href":"https:\/\/municipiodenuevahelvecia.com\/index.php?rest_route=\/wp\/v2\/pages\/602\/revisions"}],"predecessor-version":[{"id":4261,"href":"https:\/\/municipiodenuevahelvecia.com\/index.php?rest_route=\/wp\/v2\/pages\/602\/revisions\/4261"}],"up":[{"embeddable":true,"href":"https:\/\/municipiodenuevahelvecia.com\/index.php?rest_route=\/wp\/v2\/pages\/456"}],"wp:attachment":[{"href":"https:\/\/municipiodenuevahelvecia.com\/index.php?rest_route=%2Fwp%2Fv2%2Fmedia&parent=602"}],"curies":[{"name":"wp","href":"https:\/\/api.w.org\/{rel}","templated":true}]}}