{"id":794,"date":"2016-10-01T13:21:29","date_gmt":"2016-10-01T13:21:29","guid":{"rendered":"http:\/\/municipiodenuevahelvecia.com\/?page_id=794"},"modified":"2016-11-01T18:00:20","modified_gmt":"2016-11-01T18:00:20","slug":"historias-de-la-region","status":"publish","type":"page","link":"https:\/\/municipiodenuevahelvecia.com\/?page_id=794","title":{"rendered":"Historias de la regi\u00f3n"},"content":{"rendered":"<p><b>Prof. Omar Moreira<\/b><\/p>\n<p><b>Patrimonio de la Educaci\u00f3n P\u00fablica<\/b><\/p>\n<p>Ante la imposibilidad de investigar y realizar un estudio detenido de la Ense\u00f1anza P\u00fablica en la &nbsp;microregi\u00f3n del Rosario \u2013que lo merece como tambi\u00e9n evaluar lo que signific\u00f3 la colonizaci\u00f3n agraria en el departamento y en el pa\u00eds- publicamos algunos apuntes. Las notas siguientes solo tienen este car\u00e1cter informal y son de mi absoluta responsabilidad y no comprometen a nadie m\u00e1s.<\/p>\n<p>Microregion del Rosario<\/p>\n<p>Colonia Departamento At\u00edpico<\/p>\n<p>El departamento en su conformaci\u00f3n poblacional, por su atipicidad, fue creado por las colonias agrarias y el fuerte comercio desarrollado en las ciudades de Rosario, Carmelo y Colonia del Sacramento.&nbsp;<\/p>\n<p><a href=\"http:\/\/municipiodenuevahelvecia.com\/wp-content\/uploads\/2016\/10\/wpid-wp-1475328022551.png\"><img decoding=\"async\" loading=\"lazy\" src=\"http:\/\/municipiodenuevahelvecia.com\/wp-content\/uploads\/2016\/10\/wpid-wp-1475328022551.png\" alt=\"\" class=\"wp-image-793 alignnone size-full\" width=\"640\" height=\"440\" srcset=\"https:\/\/municipiodenuevahelvecia.com\/wp-content\/uploads\/2016\/10\/wpid-wp-1475328022551.png 640w, https:\/\/municipiodenuevahelvecia.com\/wp-content\/uploads\/2016\/10\/wpid-wp-1475328022551-400x275.png 400w\" sizes=\"(max-width: 640px) 100vw, 640px\" \/><\/a>&nbsp;<\/p>\n<p>En este territorio que tiene como eje el r\u00edo Rosario se cre\u00f3 un laboratorio social, cultural en el sentido m\u00e1s amplio, \u00fanico en el pa\u00eds a partir de la colonizaci\u00f3n agr\u00edcola. El proceso merece un estudio profundo. Las colonias aportaron miembros que todos sus miembros sab\u00edan leer y escribir. En cada colonia hija impon\u00eda el \u201ctemplo y la escuela\u201d. Por lo menos los provenientes de Suiza y del Piamonte.<\/p>\n<p>Se asentaban en un pa\u00eds que iniciaba la profunda \u00e9poca de J.P. Varela.<\/p>\n<p>Result\u00f3 un departamento con una diversidad productiva en cadenas genuinas con un poder de los comerciantes capaz de crear el departamento. El poder de los comerciantes.<\/p>\n<p>Ambito de multiculturas, fruto de los aportes de las colonias agr\u00edcolas, con centro en Rosario, en el Este del departamento de Colonia y Puerto Sauce &#8211; ciudad industrial de Juan Lacaze: La patria de los inmigrantes.<\/p>\n<p>La microrregi\u00f3n con el eje civilizador del R\u00edo Rosario, fue exitosa en el tiempo, en base a las propuestas end\u00f3genas (estudios de CLAEH).<\/p>\n<p>Existen diversos y valiosos estudios que no han sido actualizados.<\/p>\n","protected":false},"excerpt":{"rendered":"<p>Prof. Omar Moreira Patrimonio de la Educaci\u00f3n P\u00fablica Ante la imposibilidad de investigar y realizar un estudio detenido de la Ense\u00f1anza P\u00fablica en la &nbsp;microregi\u00f3n del Rosario \u2013que lo merece como tambi\u00e9n evaluar lo que signific\u00f3 la colonizaci\u00f3n agraria en el departamento y en el pa\u00eds- publicamos algunos apuntes. Las notas siguientes solo tienen este [&hellip;]<\/p>\n","protected":false},"author":8,"featured_media":0,"parent":0,"menu_order":0,"comment_status":"open","ping_status":"open","template":"","meta":[],"_links":{"self":[{"href":"https:\/\/municipiodenuevahelvecia.com\/index.php?rest_route=\/wp\/v2\/pages\/794"}],"collection":[{"href":"https:\/\/municipiodenuevahelvecia.com\/index.php?rest_route=\/wp\/v2\/pages"}],"about":[{"href":"https:\/\/municipiodenuevahelvecia.com\/index.php?rest_route=\/wp\/v2\/types\/page"}],"author":[{"embeddable":true,"href":"https:\/\/municipiodenuevahelvecia.com\/index.php?rest_route=\/wp\/v2\/users\/8"}],"replies":[{"embeddable":true,"href":"https:\/\/municipiodenuevahelvecia.com\/index.php?rest_route=%2Fwp%2Fv2%2Fcomments&post=794"}],"version-history":[{"count":1,"href":"https:\/\/municipiodenuevahelvecia.com\/index.php?rest_route=\/wp\/v2\/pages\/794\/revisions"}],"predecessor-version":[{"id":958,"href":"https:\/\/municipiodenuevahelvecia.com\/index.php?rest_route=\/wp\/v2\/pages\/794\/revisions\/958"}],"wp:attachment":[{"href":"https:\/\/municipiodenuevahelvecia.com\/index.php?rest_route=%2Fwp%2Fv2%2Fmedia&parent=794"}],"curies":[{"name":"wp","href":"https:\/\/api.w.org\/{rel}","templated":true}]}}