{"id":854,"date":"2016-10-11T18:29:36","date_gmt":"2016-10-11T18:29:36","guid":{"rendered":"http:\/\/municipiodenuevahelvecia.com\/?page_id=854"},"modified":"2024-01-16T19:58:32","modified_gmt":"2024-01-16T19:58:32","slug":"molino-quemado","status":"publish","type":"page","link":"https:\/\/municipiodenuevahelvecia.com\/?page_id=854","title":{"rendered":"Molino Quemado"},"content":{"rendered":"<p>Direcci\u00f3n: Entrada de balasto, ubicada en Camino los Colonos.<\/p>\n<p>Clasificaci\u00f3n: Monumento y Edificio.<\/p>\n<p>El molino quemado, ubicado en un monte natural de variada flora silvestre, fue construido en 1875 y el 7 de marzo de 1881 amaneci\u00f3 bajo las llamas. Una muerte no aclarada, un suicidio y un misterioso incendio dan pie a las leyendas de fantasmas y aparecidos que circulan en la zona y dan una patina de misterio a este monumento hist\u00f3rico nacional. Est\u00e1 abierto al p\u00fablico, es visitable los d\u00edas del patrimonio y el 1 de enero de cada a\u00f1o.<\/p>\n<p><a href=\"http:\/\/municipiodenuevahelvecia.com\/wp-content\/uploads\/2016\/10\/sfsd.jpg\"><img decoding=\"async\" loading=\"lazy\" class=\"aligncenter size-full wp-image-855\" src=\"http:\/\/municipiodenuevahelvecia.com\/wp-content\/uploads\/2016\/10\/sfsd.jpg\" alt=\"\" width=\"544\" height=\"307\" srcset=\"https:\/\/municipiodenuevahelvecia.com\/wp-content\/uploads\/2016\/10\/sfsd.jpg 544w, https:\/\/municipiodenuevahelvecia.com\/wp-content\/uploads\/2016\/10\/sfsd-400x225.jpg 400w\" sizes=\"(max-width: 544px) 100vw, 544px\" \/><\/a><\/p>\n","protected":false},"excerpt":{"rendered":"<p>Direcci\u00f3n: Entrada de balasto, ubicada en Camino los Colonos. Clasificaci\u00f3n: Monumento y Edificio. El molino quemado, ubicado en un monte natural de variada flora silvestre, fue construido en 1875 y el 7 de marzo de 1881 amaneci\u00f3 bajo las llamas. Una muerte no aclarada, un suicidio y un misterioso incendio dan pie a las leyendas [&hellip;]<\/p>\n","protected":false},"author":8,"featured_media":0,"parent":784,"menu_order":0,"comment_status":"open","ping_status":"closed","template":"","meta":[],"_links":{"self":[{"href":"https:\/\/municipiodenuevahelvecia.com\/index.php?rest_route=\/wp\/v2\/pages\/854"}],"collection":[{"href":"https:\/\/municipiodenuevahelvecia.com\/index.php?rest_route=\/wp\/v2\/pages"}],"about":[{"href":"https:\/\/municipiodenuevahelvecia.com\/index.php?rest_route=\/wp\/v2\/types\/page"}],"author":[{"embeddable":true,"href":"https:\/\/municipiodenuevahelvecia.com\/index.php?rest_route=\/wp\/v2\/users\/8"}],"replies":[{"embeddable":true,"href":"https:\/\/municipiodenuevahelvecia.com\/index.php?rest_route=%2Fwp%2Fv2%2Fcomments&post=854"}],"version-history":[{"count":3,"href":"https:\/\/municipiodenuevahelvecia.com\/index.php?rest_route=\/wp\/v2\/pages\/854\/revisions"}],"predecessor-version":[{"id":4314,"href":"https:\/\/municipiodenuevahelvecia.com\/index.php?rest_route=\/wp\/v2\/pages\/854\/revisions\/4314"}],"up":[{"embeddable":true,"href":"https:\/\/municipiodenuevahelvecia.com\/index.php?rest_route=\/wp\/v2\/pages\/784"}],"wp:attachment":[{"href":"https:\/\/municipiodenuevahelvecia.com\/index.php?rest_route=%2Fwp%2Fv2%2Fmedia&parent=854"}],"curies":[{"name":"wp","href":"https:\/\/api.w.org\/{rel}","templated":true}]}}