{"id":860,"date":"2016-10-11T18:32:40","date_gmt":"2016-10-11T18:32:40","guid":{"rendered":"http:\/\/municipiodenuevahelvecia.com\/?page_id=860"},"modified":"2016-10-11T19:10:58","modified_gmt":"2016-10-11T19:10:58","slug":"monumento-a-la-madre","status":"publish","type":"page","link":"https:\/\/municipiodenuevahelvecia.com\/?page_id=860","title":{"rendered":"Monumento a \u201cLa Madre\u201d"},"content":{"rendered":"<p>Clasificaci\u00f3n: Monumento.<\/p>\n<p>Direcci\u00f3n: Parque Jos\u00e9 Pedro Varela.<\/p>\n<p>Fecha de fundaci\u00f3n: 2012<\/p>\n<p>Surgi\u00f3 cuando estaban en la guarder\u00eda \u201cEl Trencito\u201d, en la que se atend\u00edan a 48 ni\u00f1os carenciados, y hab\u00eda que hacer una limpieza donde se encontraron con un mont\u00f3n de hierro y desechos. En realidad se necesitaba crear un patio de juegos\u00a0 para los ni\u00f1os y ese hierro era peligroso, se considero\u00a0 junto con la directiva de la guarder\u00eda\u00a0 hacer un monumento. Por ese entonces se acercaba el d\u00eda de la madre, y en la\u00a0 guarder\u00eda hab\u00eda muchas madres solas, j\u00f3venes, la cuales\u00a0 ten\u00edan que hacer un sacrificio muy grande para poder tener esos hijos, el monumento era la mejor idea para representar a la madre. En la obra\u00a0 se puede observar un ni\u00f1o que mira hacia el agua en representaci\u00f3n a la vida. La madre se asocia con una abeja por el trabajo, la abeja es un insecto que desde que nace hasta que muere est\u00e1 trabajando, tambi\u00e9n es el s\u00edmbolo de las maestras, a su vez va volando hacia las flores que son el alimento que la madre le va a dar a su hijo, por eso las flores est\u00e1n hacia el norte, porque el mayor sacrificio de esa madre trabajadora y humilde es llevarle la comida a su hijo, orientada hacia el crep\u00fasculo, por su ubicaci\u00f3n geogr\u00e1fica.<\/p>\n<p>Extra\u00eddo de:<\/p>\n<ul>\n<li>Entrevista a Ronald Acevedo.<\/li>\n<\/ul>\n<p><a href=\"http:\/\/municipiodenuevahelvecia.com\/wp-content\/uploads\/2016\/10\/dsfsd.jpg\"><img decoding=\"async\" loading=\"lazy\" class=\"aligncenter size-full wp-image-861\" alt=\"\" src=\"http:\/\/municipiodenuevahelvecia.com\/wp-content\/uploads\/2016\/10\/dsfsd.jpg\" width=\"692\" height=\"923\" srcset=\"https:\/\/municipiodenuevahelvecia.com\/wp-content\/uploads\/2016\/10\/dsfsd.jpg 692w, https:\/\/municipiodenuevahelvecia.com\/wp-content\/uploads\/2016\/10\/dsfsd-224x300.jpg 224w\" sizes=\"(max-width: 692px) 100vw, 692px\" \/><\/a><\/p>\n<p style=\"text-align: center;\"><strong>Proyecto de 3\u00ba de Bachillerato de Turismo: Facundo Casco, Mar\u00eda Touriz, Gabriel Medero, Mara Hern\u00e1ndez, Santiago Miner.<\/strong><\/p>\n","protected":false},"excerpt":{"rendered":"<p>Clasificaci\u00f3n: Monumento. Direcci\u00f3n: Parque Jos\u00e9 Pedro Varela. Fecha de fundaci\u00f3n: 2012 Surgi\u00f3 cuando estaban en la guarder\u00eda \u201cEl Trencito\u201d, en la que se atend\u00edan a 48 ni\u00f1os carenciados, y hab\u00eda que hacer una limpieza donde se encontraron con un mont\u00f3n de hierro y desechos. En realidad se necesitaba crear un patio de juegos\u00a0 para los [&hellip;]<\/p>\n","protected":false},"author":8,"featured_media":0,"parent":784,"menu_order":0,"comment_status":"open","ping_status":"closed","template":"","meta":[],"_links":{"self":[{"href":"https:\/\/municipiodenuevahelvecia.com\/index.php?rest_route=\/wp\/v2\/pages\/860"}],"collection":[{"href":"https:\/\/municipiodenuevahelvecia.com\/index.php?rest_route=\/wp\/v2\/pages"}],"about":[{"href":"https:\/\/municipiodenuevahelvecia.com\/index.php?rest_route=\/wp\/v2\/types\/page"}],"author":[{"embeddable":true,"href":"https:\/\/municipiodenuevahelvecia.com\/index.php?rest_route=\/wp\/v2\/users\/8"}],"replies":[{"embeddable":true,"href":"https:\/\/municipiodenuevahelvecia.com\/index.php?rest_route=%2Fwp%2Fv2%2Fcomments&post=860"}],"version-history":[{"count":2,"href":"https:\/\/municipiodenuevahelvecia.com\/index.php?rest_route=\/wp\/v2\/pages\/860\/revisions"}],"predecessor-version":[{"id":939,"href":"https:\/\/municipiodenuevahelvecia.com\/index.php?rest_route=\/wp\/v2\/pages\/860\/revisions\/939"}],"up":[{"embeddable":true,"href":"https:\/\/municipiodenuevahelvecia.com\/index.php?rest_route=\/wp\/v2\/pages\/784"}],"wp:attachment":[{"href":"https:\/\/municipiodenuevahelvecia.com\/index.php?rest_route=%2Fwp%2Fv2%2Fmedia&parent=860"}],"curies":[{"name":"wp","href":"https:\/\/api.w.org\/{rel}","templated":true}]}}