{"id":866,"date":"2016-10-11T18:37:12","date_gmt":"2016-10-11T18:37:12","guid":{"rendered":"http:\/\/municipiodenuevahelvecia.com\/?page_id=866"},"modified":"2024-02-09T00:11:42","modified_gmt":"2024-02-09T00:11:42","slug":"monumento-a-el-payador","status":"publish","type":"page","link":"https:\/\/municipiodenuevahelvecia.com\/?page_id=866","title":{"rendered":"Monumento a \u201cEl Payador\u201d"},"content":{"rendered":"<p>Clasificaci\u00f3n: Monumento<\/p>\n<p>Direcci\u00f3n: Siegrist y Fender y Antonio Pedreira<\/p>\n<p>Fecha de fundaci\u00f3n: 18 de Julio de 2007<\/p>\n<p>Fue impulsado por una corriente de opini\u00f3n entre payadores y un programa radial, homenajeando al payador Luis Alberto Mart\u00ednez, nacido en una hogar pobre del barrio de la estaci\u00f3n, se concreto en una estatua inaugurada el 18 de julio de 2007 en oportunidad del cuarto festival de los payadores.<\/p>\n<p>Extra\u00eddo de:<\/p>\n<ul>\n<li>Libro \u201cEn el ojo de la lupa\u201d\u00a0 de Omar Moreira.<\/li>\n<\/ul>\n<p><a href=\"http:\/\/municipiodenuevahelvecia.com\/wp-content\/uploads\/2016\/10\/sdfa.jpg\"><img decoding=\"async\" loading=\"lazy\" class=\"aligncenter size-large wp-image-867\" src=\"http:\/\/municipiodenuevahelvecia.com\/wp-content\/uploads\/2016\/10\/sdfa-768x1024.jpg\" alt=\"\" width=\"530\" height=\"706\" srcset=\"https:\/\/municipiodenuevahelvecia.com\/wp-content\/uploads\/2016\/10\/sdfa-768x1024.jpg 768w, https:\/\/municipiodenuevahelvecia.com\/wp-content\/uploads\/2016\/10\/sdfa-225x300.jpg 225w, https:\/\/municipiodenuevahelvecia.com\/wp-content\/uploads\/2016\/10\/sdfa.jpg 816w\" sizes=\"(max-width: 530px) 100vw, 530px\" \/><\/a><\/p>\n<p style=\"text-align: center;\">\n","protected":false},"excerpt":{"rendered":"<p>Clasificaci\u00f3n: Monumento Direcci\u00f3n: Siegrist y Fender y Antonio Pedreira Fecha de fundaci\u00f3n: 18 de Julio de 2007 Fue impulsado por una corriente de opini\u00f3n entre payadores y un programa radial, homenajeando al payador Luis Alberto Mart\u00ednez, nacido en una hogar pobre del barrio de la estaci\u00f3n, se concreto en una estatua inaugurada el 18 de [&hellip;]<\/p>\n","protected":false},"author":8,"featured_media":0,"parent":784,"menu_order":0,"comment_status":"open","ping_status":"closed","template":"","meta":[],"_links":{"self":[{"href":"https:\/\/municipiodenuevahelvecia.com\/index.php?rest_route=\/wp\/v2\/pages\/866"}],"collection":[{"href":"https:\/\/municipiodenuevahelvecia.com\/index.php?rest_route=\/wp\/v2\/pages"}],"about":[{"href":"https:\/\/municipiodenuevahelvecia.com\/index.php?rest_route=\/wp\/v2\/types\/page"}],"author":[{"embeddable":true,"href":"https:\/\/municipiodenuevahelvecia.com\/index.php?rest_route=\/wp\/v2\/users\/8"}],"replies":[{"embeddable":true,"href":"https:\/\/municipiodenuevahelvecia.com\/index.php?rest_route=%2Fwp%2Fv2%2Fcomments&post=866"}],"version-history":[{"count":3,"href":"https:\/\/municipiodenuevahelvecia.com\/index.php?rest_route=\/wp\/v2\/pages\/866\/revisions"}],"predecessor-version":[{"id":4391,"href":"https:\/\/municipiodenuevahelvecia.com\/index.php?rest_route=\/wp\/v2\/pages\/866\/revisions\/4391"}],"up":[{"embeddable":true,"href":"https:\/\/municipiodenuevahelvecia.com\/index.php?rest_route=\/wp\/v2\/pages\/784"}],"wp:attachment":[{"href":"https:\/\/municipiodenuevahelvecia.com\/index.php?rest_route=%2Fwp%2Fv2%2Fmedia&parent=866"}],"curies":[{"name":"wp","href":"https:\/\/api.w.org\/{rel}","templated":true}]}}