{"id":890,"date":"2016-10-11T18:49:02","date_gmt":"2016-10-11T18:49:02","guid":{"rendered":"http:\/\/municipiodenuevahelvecia.com\/?page_id=890"},"modified":"2024-01-23T21:13:38","modified_gmt":"2024-01-23T21:13:38","slug":"portico-de-la-ciudad","status":"publish","type":"page","link":"https:\/\/municipiodenuevahelvecia.com\/?page_id=890","title":{"rendered":"P\u00f3rtico de la ciudad"},"content":{"rendered":"<p>Clasificaci\u00f3n: Monumento<\/p>\n<p>Direcci\u00f3n: Av. Batlle y Ordo\u00f1ez, entre Christian Hugo y Buenos Aires<\/p>\n<p>A\u00f1o de fundaci\u00f3n: 2012<\/p>\n<p>Se inaugur\u00f3 en 2012, el p\u00f3rtico consta de dos grandes columnas de m\u00e1s de 4 metros de alto, revestidas de piedra en cuyas partes inferiores se encuentran dos grandes arcadas para el pasaje de peatones. La parte superior que unen ambas columnas (travesa\u00f1o) fue construida en hierro y revestido en madera por parte de artesanos de la ciudad de Colonia Suiza, quienes, han realizado un delicado trabajo.<\/p>\n<p><a href=\"http:\/\/municipiodenuevahelvecia.com\/wp-content\/uploads\/2016\/10\/342324.jpg\"><img decoding=\"async\" loading=\"lazy\" class=\"aligncenter size-large wp-image-891\" src=\"http:\/\/municipiodenuevahelvecia.com\/wp-content\/uploads\/2016\/10\/342324-1024x767.jpg\" alt=\"342324\" width=\"530\" height=\"396\" srcset=\"https:\/\/municipiodenuevahelvecia.com\/wp-content\/uploads\/2016\/10\/342324-1024x767.jpg 1024w, https:\/\/municipiodenuevahelvecia.com\/wp-content\/uploads\/2016\/10\/342324-400x300.jpg 400w, https:\/\/municipiodenuevahelvecia.com\/wp-content\/uploads\/2016\/10\/342324.jpg 1299w\" sizes=\"(max-width: 530px) 100vw, 530px\" \/><\/a><\/p>\n","protected":false},"excerpt":{"rendered":"<p>Clasificaci\u00f3n: Monumento Direcci\u00f3n: Av. Batlle y Ordo\u00f1ez, entre Christian Hugo y Buenos Aires A\u00f1o de fundaci\u00f3n: 2012 Se inaugur\u00f3 en 2012, el p\u00f3rtico consta de dos grandes columnas de m\u00e1s de 4 metros de alto, revestidas de piedra en cuyas partes inferiores se encuentran dos grandes arcadas para el pasaje de peatones. La parte superior [&hellip;]<\/p>\n","protected":false},"author":8,"featured_media":0,"parent":784,"menu_order":0,"comment_status":"open","ping_status":"closed","template":"","meta":[],"_links":{"self":[{"href":"https:\/\/municipiodenuevahelvecia.com\/index.php?rest_route=\/wp\/v2\/pages\/890"}],"collection":[{"href":"https:\/\/municipiodenuevahelvecia.com\/index.php?rest_route=\/wp\/v2\/pages"}],"about":[{"href":"https:\/\/municipiodenuevahelvecia.com\/index.php?rest_route=\/wp\/v2\/types\/page"}],"author":[{"embeddable":true,"href":"https:\/\/municipiodenuevahelvecia.com\/index.php?rest_route=\/wp\/v2\/users\/8"}],"replies":[{"embeddable":true,"href":"https:\/\/municipiodenuevahelvecia.com\/index.php?rest_route=%2Fwp%2Fv2%2Fcomments&post=890"}],"version-history":[{"count":3,"href":"https:\/\/municipiodenuevahelvecia.com\/index.php?rest_route=\/wp\/v2\/pages\/890\/revisions"}],"predecessor-version":[{"id":4349,"href":"https:\/\/municipiodenuevahelvecia.com\/index.php?rest_route=\/wp\/v2\/pages\/890\/revisions\/4349"}],"up":[{"embeddable":true,"href":"https:\/\/municipiodenuevahelvecia.com\/index.php?rest_route=\/wp\/v2\/pages\/784"}],"wp:attachment":[{"href":"https:\/\/municipiodenuevahelvecia.com\/index.php?rest_route=%2Fwp%2Fv2%2Fmedia&parent=890"}],"curies":[{"name":"wp","href":"https:\/\/api.w.org\/{rel}","templated":true}]}}