{"id":907,"date":"2016-10-11T18:57:40","date_gmt":"2016-10-11T18:57:40","guid":{"rendered":"http:\/\/municipiodenuevahelvecia.com\/?page_id=907"},"modified":"2016-10-11T19:12:35","modified_gmt":"2016-10-11T19:12:35","slug":"primera-capilla-evangelica","status":"publish","type":"page","link":"https:\/\/municipiodenuevahelvecia.com\/?page_id=907","title":{"rendered":"Primera capilla Evang\u00e9lica"},"content":{"rendered":"<p>Clasificaci\u00f3n: Edificio<\/p>\n<p>Direcci\u00f3n: Predio del Templo Evang\u00e9lico<\/p>\n<p>Fecha de fundaci\u00f3n:1866<\/p>\n<p>En el esfuerzo de mantener el orden social y las buenas costumbres de los inmigrantes, para facilitar as\u00ed el desarrollo y el progreso de la colonia; sus l\u00edderes y la sociedad bancaria Sigrist y Fender se preocuparon de dotarla de las instituciones necesarias es as\u00ed que a fines de 1861 comienza a construirse esta capilla.<\/p>\n<p>La piedra fundamental de la capilla evang\u00e9lica se coloc\u00f3 en 1863 all\u00ed se expresaron los dos cultos, evang\u00e9lico y cat\u00f3lico, y se dictaron las primeras clases particulares; bajo la direcci\u00f3n del maestro El\u00edas Huber. Se inaugura en 1866. Su estilo es el t\u00edpico popular suizo.<\/p>\n<p>&nbsp;<\/p>\n<p><img decoding=\"async\" loading=\"lazy\" class=\"aligncenter size-large wp-image-908\" alt=\"\" src=\"http:\/\/municipiodenuevahelvecia.com\/wp-content\/uploads\/2016\/10\/rewer-1024x768.jpg\" width=\"530\" height=\"397\" srcset=\"https:\/\/municipiodenuevahelvecia.com\/wp-content\/uploads\/2016\/10\/rewer-1024x768.jpg 1024w, https:\/\/municipiodenuevahelvecia.com\/wp-content\/uploads\/2016\/10\/rewer-400x300.jpg 400w, https:\/\/municipiodenuevahelvecia.com\/wp-content\/uploads\/2016\/10\/rewer.jpg 1214w\" sizes=\"(max-width: 530px) 100vw, 530px\" \/><\/p>\n<p style=\"text-align: center;\"><strong>Proyecto de 3\u00ba de Bachillerato de Turismo: Facundo Casco, Mar\u00eda Touriz, Gabriel Medero, Mara Hern\u00e1ndez, Santiago Miner.<\/strong><\/p>\n","protected":false},"excerpt":{"rendered":"<p>Clasificaci\u00f3n: Edificio Direcci\u00f3n: Predio del Templo Evang\u00e9lico Fecha de fundaci\u00f3n:1866 En el esfuerzo de mantener el orden social y las buenas costumbres de los inmigrantes, para facilitar as\u00ed el desarrollo y el progreso de la colonia; sus l\u00edderes y la sociedad bancaria Sigrist y Fender se preocuparon de dotarla de las instituciones necesarias es as\u00ed [&hellip;]<\/p>\n","protected":false},"author":8,"featured_media":0,"parent":784,"menu_order":0,"comment_status":"open","ping_status":"closed","template":"","meta":[],"_links":{"self":[{"href":"https:\/\/municipiodenuevahelvecia.com\/index.php?rest_route=\/wp\/v2\/pages\/907"}],"collection":[{"href":"https:\/\/municipiodenuevahelvecia.com\/index.php?rest_route=\/wp\/v2\/pages"}],"about":[{"href":"https:\/\/municipiodenuevahelvecia.com\/index.php?rest_route=\/wp\/v2\/types\/page"}],"author":[{"embeddable":true,"href":"https:\/\/municipiodenuevahelvecia.com\/index.php?rest_route=\/wp\/v2\/users\/8"}],"replies":[{"embeddable":true,"href":"https:\/\/municipiodenuevahelvecia.com\/index.php?rest_route=%2Fwp%2Fv2%2Fcomments&post=907"}],"version-history":[{"count":2,"href":"https:\/\/municipiodenuevahelvecia.com\/index.php?rest_route=\/wp\/v2\/pages\/907\/revisions"}],"predecessor-version":[{"id":949,"href":"https:\/\/municipiodenuevahelvecia.com\/index.php?rest_route=\/wp\/v2\/pages\/907\/revisions\/949"}],"up":[{"embeddable":true,"href":"https:\/\/municipiodenuevahelvecia.com\/index.php?rest_route=\/wp\/v2\/pages\/784"}],"wp:attachment":[{"href":"https:\/\/municipiodenuevahelvecia.com\/index.php?rest_route=%2Fwp%2Fv2%2Fmedia&parent=907"}],"curies":[{"name":"wp","href":"https:\/\/api.w.org\/{rel}","templated":true}]}}