{"id":910,"date":"2016-10-11T18:59:04","date_gmt":"2016-10-11T18:59:04","guid":{"rendered":"http:\/\/municipiodenuevahelvecia.com\/?page_id=910"},"modified":"2026-01-14T19:59:07","modified_gmt":"2026-01-14T19:59:07","slug":"reloj-de-flores","status":"publish","type":"page","link":"https:\/\/municipiodenuevahelvecia.com\/?page_id=910","title":{"rendered":"Reloj de Flores"},"content":{"rendered":"\n<p>El Reloj de Flores: Familia y Tradici\u00f3n, ubicado en la Plaza de los Fundadores de Nueva Helvecia, es una obra de valor patrimonial que refleja la identidad, la historia y el trabajo colectivo de la comunidad. Concebido como un s\u00edmbolo de pertenencia y continuidad, se integra al principal espacio p\u00fablico de la ciudad como referencia cultural y punto de encuentro.<\/p>\n\n\n\n<p>La obra fue dise\u00f1ada por un artista local y cont\u00f3 con el aporte del Municipio de Nueva Helvecia, la participaci\u00f3n de empresas de la zona e instituciones locales. Los trabajos en mosaicos fueron realizados por las alumnas del curso de mosaicos de la Escuela del Hogar Hulda W. de Parrilla, aportando un fuerte valor comunitario al proyecto. La maquinaria del reloj fue adquirida a trav\u00e9s de los fondos recaudados en la 10\u00aa Fiesta Nacional del Chocolate, reafirmando el v\u00ednculo entre las tradiciones locales y el compromiso ciudadano.<\/p>\n\n\n\n<p>El dise\u00f1o del reloj presenta motivos florales de estilo alpino, especialmente creados por el Garden Club Edelweiss, en homenaje a las ra\u00edces culturales de la ciudad. Asimismo, la obra incorpora la representaci\u00f3n de distintos cantones de origen de algunas de las familias locales, reconociendo la diversidad de procedencias que dieron forma a la historia de Nueva Helvecia.<\/p>\n\n\n\n<p>M\u00e1s all\u00e1 de su valor est\u00e9tico, el reloj constituye un testimonio del esfuerzo colectivo, la preservaci\u00f3n de la memoria hist\u00f3rica y el compromiso con el patrimonio cultural de Nueva Helvecia.<\/p>\n\n\n\n<figure class=\"wp-block-image size-large\"><img decoding=\"async\" loading=\"lazy\" width=\"1024\" height=\"622\" src=\"http:\/\/municipiodenuevahelvecia.com\/wp-content\/uploads\/2026\/01\/WhatsApp-Image-2026-01-14-at-4.54.27-PM-1024x622.jpeg\" alt=\"\" class=\"wp-image-5591\" srcset=\"https:\/\/municipiodenuevahelvecia.com\/wp-content\/uploads\/2026\/01\/WhatsApp-Image-2026-01-14-at-4.54.27-PM-1024x622.jpeg 1024w, https:\/\/municipiodenuevahelvecia.com\/wp-content\/uploads\/2026\/01\/WhatsApp-Image-2026-01-14-at-4.54.27-PM-400x243.jpeg 400w, https:\/\/municipiodenuevahelvecia.com\/wp-content\/uploads\/2026\/01\/WhatsApp-Image-2026-01-14-at-4.54.27-PM-768x467.jpeg 768w, https:\/\/municipiodenuevahelvecia.com\/wp-content\/uploads\/2026\/01\/WhatsApp-Image-2026-01-14-at-4.54.27-PM-1536x934.jpeg 1536w, https:\/\/municipiodenuevahelvecia.com\/wp-content\/uploads\/2026\/01\/WhatsApp-Image-2026-01-14-at-4.54.27-PM.jpeg 2040w\" sizes=\"(max-width: 1024px) 100vw, 1024px\" \/><\/figure>\n","protected":false},"excerpt":{"rendered":"<p>El Reloj de Flores: Familia y Tradici\u00f3n, ubicado en la Plaza de los Fundadores de Nueva Helvecia, es una obra de valor patrimonial que refleja la identidad, la historia y el trabajo colectivo de la comunidad. Concebido como un s\u00edmbolo de pertenencia y continuidad, se integra al principal espacio p\u00fablico de la ciudad como referencia [&hellip;]<\/p>\n","protected":false},"author":8,"featured_media":0,"parent":784,"menu_order":0,"comment_status":"open","ping_status":"closed","template":"","meta":[],"_links":{"self":[{"href":"https:\/\/municipiodenuevahelvecia.com\/index.php?rest_route=\/wp\/v2\/pages\/910"}],"collection":[{"href":"https:\/\/municipiodenuevahelvecia.com\/index.php?rest_route=\/wp\/v2\/pages"}],"about":[{"href":"https:\/\/municipiodenuevahelvecia.com\/index.php?rest_route=\/wp\/v2\/types\/page"}],"author":[{"embeddable":true,"href":"https:\/\/municipiodenuevahelvecia.com\/index.php?rest_route=\/wp\/v2\/users\/8"}],"replies":[{"embeddable":true,"href":"https:\/\/municipiodenuevahelvecia.com\/index.php?rest_route=%2Fwp%2Fv2%2Fcomments&post=910"}],"version-history":[{"count":7,"href":"https:\/\/municipiodenuevahelvecia.com\/index.php?rest_route=\/wp\/v2\/pages\/910\/revisions"}],"predecessor-version":[{"id":5593,"href":"https:\/\/municipiodenuevahelvecia.com\/index.php?rest_route=\/wp\/v2\/pages\/910\/revisions\/5593"}],"up":[{"embeddable":true,"href":"https:\/\/municipiodenuevahelvecia.com\/index.php?rest_route=\/wp\/v2\/pages\/784"}],"wp:attachment":[{"href":"https:\/\/municipiodenuevahelvecia.com\/index.php?rest_route=%2Fwp%2Fv2%2Fmedia&parent=910"}],"curies":[{"name":"wp","href":"https:\/\/api.w.org\/{rel}","templated":true}]}}