{"id":922,"date":"2016-10-11T19:05:26","date_gmt":"2016-10-11T19:05:26","guid":{"rendered":"http:\/\/municipiodenuevahelvecia.com\/?page_id=922"},"modified":"2016-10-11T19:13:29","modified_gmt":"2016-10-11T19:13:29","slug":"templo-evangelico","status":"publish","type":"page","link":"https:\/\/municipiodenuevahelvecia.com\/?page_id=922","title":{"rendered":"Templo Evang\u00e9lico"},"content":{"rendered":"<p>Clasificaci\u00f3n: Edificio.<\/p>\n<p>Direcci\u00f3n: Germ\u00e1n Imhof, entre Juan Wirth y Ana G. de Greising.<\/p>\n<p>Fecha de fundaci\u00f3n: 21 de mayo de 1887<\/p>\n<p>El predio donde se ubica el Complejo Evang\u00e9lico, fue donado por la Congregaci\u00f3n Evang\u00e9lica de la novel colonia por la casa bancaria Sigirist y Fender de Basilea; a ra\u00edz del casamiento de uno de sus socios. Por su antig\u00fcedad y como costumbre caracter\u00edstica de aquellos inmigrantes, se encuentra en otro de los lugares m\u00e1s elevados de la regi\u00f3n con el fin de tener contacto visual con el resto de la colonia. Inaugur\u00e1ndose el 21 de mayo de 1887, siendo en su \u00e9poca el m\u00e1s bello y destacado edificio de la Colonia. Es unos de los tres \u201cHitos urbanos\u201d de Nueva Helvecia, los otros, la iglesia cat\u00f3lica y el tanque de OSE.<\/p>\n<p style=\"text-align: center;\"><img decoding=\"async\" loading=\"lazy\" class=\"aligncenter size-full wp-image-923\" alt=\"\" src=\"http:\/\/municipiodenuevahelvecia.com\/wp-content\/uploads\/2016\/10\/werwe.jpg\" width=\"620\" height=\"413\" srcset=\"https:\/\/municipiodenuevahelvecia.com\/wp-content\/uploads\/2016\/10\/werwe.jpg 620w, https:\/\/municipiodenuevahelvecia.com\/wp-content\/uploads\/2016\/10\/werwe-400x266.jpg 400w\" sizes=\"(max-width: 620px) 100vw, 620px\" \/><\/p>\n<p style=\"text-align: center;\"><strong>Proyecto de 3\u00ba de Bachillerato de Turismo: Facundo Casco, Mar\u00eda Touriz, Gabriel Medero, Mara Hern\u00e1ndez, Santiago Miner.<\/strong><\/p>\n","protected":false},"excerpt":{"rendered":"<p>Clasificaci\u00f3n: Edificio. Direcci\u00f3n: Germ\u00e1n Imhof, entre Juan Wirth y Ana G. de Greising. Fecha de fundaci\u00f3n: 21 de mayo de 1887 El predio donde se ubica el Complejo Evang\u00e9lico, fue donado por la Congregaci\u00f3n Evang\u00e9lica de la novel colonia por la casa bancaria Sigirist y Fender de Basilea; a ra\u00edz del casamiento de uno de [&hellip;]<\/p>\n","protected":false},"author":8,"featured_media":0,"parent":784,"menu_order":0,"comment_status":"open","ping_status":"closed","template":"","meta":[],"_links":{"self":[{"href":"https:\/\/municipiodenuevahelvecia.com\/index.php?rest_route=\/wp\/v2\/pages\/922"}],"collection":[{"href":"https:\/\/municipiodenuevahelvecia.com\/index.php?rest_route=\/wp\/v2\/pages"}],"about":[{"href":"https:\/\/municipiodenuevahelvecia.com\/index.php?rest_route=\/wp\/v2\/types\/page"}],"author":[{"embeddable":true,"href":"https:\/\/municipiodenuevahelvecia.com\/index.php?rest_route=\/wp\/v2\/users\/8"}],"replies":[{"embeddable":true,"href":"https:\/\/municipiodenuevahelvecia.com\/index.php?rest_route=%2Fwp%2Fv2%2Fcomments&post=922"}],"version-history":[{"count":2,"href":"https:\/\/municipiodenuevahelvecia.com\/index.php?rest_route=\/wp\/v2\/pages\/922\/revisions"}],"predecessor-version":[{"id":953,"href":"https:\/\/municipiodenuevahelvecia.com\/index.php?rest_route=\/wp\/v2\/pages\/922\/revisions\/953"}],"up":[{"embeddable":true,"href":"https:\/\/municipiodenuevahelvecia.com\/index.php?rest_route=\/wp\/v2\/pages\/784"}],"wp:attachment":[{"href":"https:\/\/municipiodenuevahelvecia.com\/index.php?rest_route=%2Fwp%2Fv2%2Fmedia&parent=922"}],"curies":[{"name":"wp","href":"https:\/\/api.w.org\/{rel}","templated":true}]}}